{"id":3,"date":"2024-11-14T15:23:05","date_gmt":"2024-11-14T14:23:05","guid":{"rendered":"https:\/\/www.tractaenergy.com\/?page_id=3"},"modified":"2024-12-19T11:30:26","modified_gmt":"2024-12-19T10:30:26","slug":"pivacy-policy","status":"publish","type":"page","link":"https:\/\/tractaenergy.com\/en\/politica-de-privacidad\/","title":{"rendered":"Privacy Policy"},"content":{"rendered":"<p>Se le informa que los datos personales que nos facilite voluntariamente, a trav\u00e9s de los distintos formularios de la web, ser\u00e1n tratados por TRACTA ENERGY, S.L. con domicilio en&nbsp;c\/ Conde de Pe\u00f1alver n\u00ba 36, 1\u00ba &#8211; 28006 MADRID, que cumple con las medidas de seguridad exigidas en la legislaci\u00f3n vigente en materia de Protecci\u00f3n de Datos de Car\u00e1cter Personal. La finalidad de dicho tratamiento es la descrita en cada uno de los formularios establecidos en la p\u00e1gina web en el que Usted nos haya facilitado sus datos.<\/p>\n\n\n\n<p>Los datos facilitados no ser\u00e1n cedidos a terceros salvo en los casos en que exista una obligaci\u00f3n legal, y se conservar\u00e1n durante el tiempo necesario para atender su solicitud siempre y cuando no nos indique lo contrario ejerciendo su derecho de cancelaci\u00f3n, o durante el tiempo necesario para cumplir con las obligaciones legales.<\/p>\n\n\n\n<p>TRACTA ENERGY, S.L. no elaborar\u00e1 ning\u00fan tipo de \u201cperfil\u201d, en base a la informaci\u00f3n facilitada. No se tomar\u00e1n decisiones automatizadas en base a perfiles.<\/p>\n\n\n\n<p>Asimismo, TRACTA ENERGY, S.L. cancelar\u00e1 o rectificar\u00e1 los datos cuando resulten inexactos, incompletos o hayan dejado de ser necesarios para su finalidad, de conformidad con lo previsto en la legislaci\u00f3n vigente en materia de Protecci\u00f3n de Datos de Car\u00e1cter Personal.<\/p>\n\n\n\n<p>Mientras no nos comunique lo contrario, entenderemos que sus datos no han sido modificados, que usted se compromete a notificarnos cualquier variaci\u00f3n y que tenemos el consentimiento para utilizarlos a fin de poder fidelizar la relaci\u00f3n entre las partes.<\/p>\n\n\n\n<p>El usuario podr\u00e1 ejercer los derechos de acceso, rectificaci\u00f3n, cancelaci\u00f3n, supresi\u00f3n, oposici\u00f3n, limitaci\u00f3n del tratamiento, portabilidad de datos y a no ser objeto de decisiones individualizadas, automatizadas, en relaci\u00f3n con los datos objeto del tratamiento, ante el responsable del tratamiento en la direcci\u00f3n anteriormente mencionada, o por correo electr\u00f3nico a&nbsp;info@tractaenergy.com, adjuntando copia de su DNI o documento equivalente. En caso de que no haya obtenido satisfacci\u00f3n en el ejercicio de sus derechos, podr\u00e1 presentar una reclamaci\u00f3n ante la&nbsp;<em>Autoridad de Control en materia Protecci\u00f3n de Datos competente,&nbsp;<\/em>siendo \u00e9sta la&nbsp;<em>Agencia Espa\u00f1ola de Protecci\u00f3n de Datos,&nbsp;<\/em>y cuyos datos de contacto est\u00e1n accesibles en&nbsp;<a href=\"https:\/\/sedeagpd.gob.es\/sede-electronica-web\/vistas\/formNuevaReclamacion\/reclamacion.jsf\"><em>https:\/\/sedeagpd.gob.es\/sede-electronica-web\/vistas\/formNuevaReclamacion\/reclamacion.jsf<\/em><\/a><em>.<\/em><\/p>\n\n\n\n<p>TRACTA ENERGY, S.L. adopta las medidas t\u00e9cnicas, organizativas y de seguridad correspondientes seg\u00fan la normativa vigente en materia de Protecci\u00f3n de Datos de Car\u00e1cter Personal. No obstante, no asume ninguna responsabilidad por los da\u00f1os y perjuicios derivados de alteraciones que terceros puedan causar en los sistemas inform\u00e1ticos, documentos electr\u00f3nicos o ficheros del usuario.<\/p>\n\n\n\n<p>De acuerdo con lo que establece la Ley 34\/2002, de Servicios de la Sociedad de la Informaci\u00f3n y el Comercio Electr\u00f3nico en su art\u00edculo 21, solicitamos su consentimiento para poder realizar comunicaciones publicitarias que consideremos puedan ser de su inter\u00e9s, por correo electr\u00f3nico o por cualquier otro medio de comunicaci\u00f3n electr\u00f3nica equivalente.<\/p>","protected":false},"excerpt":{"rendered":"<p>Se le informa que los datos personales que nos facilite voluntariamente, a trav\u00e9s de los distintos formularios de la web, ser\u00e1n tratados por TRACTA ENERGY, S.L. con domicilio en&nbsp;c\/ Conde de Pe\u00f1alver n\u00ba 36, 1\u00ba &#8211; 28006 MADRID, que cumple con las medidas de seguridad exigidas en la legislaci\u00f3n vigente en materia de Protecci\u00f3n de [&hellip;]<\/p>\n","protected":false},"author":4,"featured_media":0,"parent":0,"menu_order":0,"comment_status":"closed","ping_status":"closed","template":"","meta":{"footnotes":""},"class_list":["post-3","page","type-page","status-publish","hentry"],"yoast_head":"<!-- This site is optimized with the Yoast SEO plugin v27.4 - https:\/\/yoast.com\/product\/yoast-seo-wordpress\/ -->\n<title>Pol\u00edtica de privacidad - Tracta Energy<\/title>\n<meta name=\"robots\" content=\"index, follow, max-snippet:-1, max-image-preview:large, max-video-preview:-1\" \/>\n<link rel=\"canonical\" href=\"https:\/\/tractaenergy.com\/en\/pivacy-policy\/\" \/>\n<meta property=\"og:locale\" content=\"en_GB\" \/>\n<meta property=\"og:type\" content=\"article\" \/>\n<meta property=\"og:title\" content=\"Pol\u00edtica de privacidad - Tracta Energy\" \/>\n<meta property=\"og:description\" content=\"Se le informa que los datos personales que nos facilite voluntariamente, a trav\u00e9s de los distintos formularios de la web, ser\u00e1n tratados por TRACTA ENERGY, S.L. con domicilio en&nbsp;c\/ Conde de Pe\u00f1alver n\u00ba 36, 1\u00ba &#8211; 28006 MADRID, que cumple con las medidas de seguridad exigidas en la legislaci\u00f3n vigente en materia de Protecci\u00f3n de [&hellip;]\" \/>\n<meta property=\"og:url\" content=\"https:\/\/tractaenergy.com\/en\/pivacy-policy\/\" \/>\n<meta property=\"og:site_name\" content=\"Tracta Energy\" \/>\n<meta property=\"article:modified_time\" content=\"2024-12-19T10:30:26+00:00\" \/>\n<meta property=\"og:image\" content=\"https:\/\/tractaenergy.com\/wp-content\/uploads\/2024\/12\/tracta-energy.jpg\" \/>\n\t<meta property=\"og:image:width\" content=\"1600\" \/>\n\t<meta property=\"og:image:height\" content=\"1067\" \/>\n\t<meta property=\"og:image:type\" content=\"image\/jpeg\" \/>\n<meta name=\"twitter:card\" content=\"summary_large_image\" \/>\n<meta name=\"twitter:label1\" content=\"Estimated reading time\" \/>\n\t<meta name=\"twitter:data1\" content=\"3 minutes\" \/>\n<script type=\"application\/ld+json\" class=\"yoast-schema-graph\">{\"@context\":\"https:\\\/\\\/schema.org\",\"@graph\":[{\"@type\":\"WebPage\",\"@id\":\"https:\\\/\\\/tractaenergy.com\\\/politica-de-privacidad\\\/\",\"url\":\"https:\\\/\\\/tractaenergy.com\\\/politica-de-privacidad\\\/\",\"name\":\"Pol\u00edtica de privacidad - Tracta Energy\",\"isPartOf\":{\"@id\":\"https:\\\/\\\/tractaenergy.com\\\/#website\"},\"datePublished\":\"2024-11-14T14:23:05+00:00\",\"dateModified\":\"2024-12-19T10:30:26+00:00\",\"breadcrumb\":{\"@id\":\"https:\\\/\\\/tractaenergy.com\\\/politica-de-privacidad\\\/#breadcrumb\"},\"inLanguage\":\"en-GB\",\"potentialAction\":[{\"@type\":\"ReadAction\",\"target\":[\"https:\\\/\\\/tractaenergy.com\\\/politica-de-privacidad\\\/\"]}]},{\"@type\":\"BreadcrumbList\",\"@id\":\"https:\\\/\\\/tractaenergy.com\\\/politica-de-privacidad\\\/#breadcrumb\",\"itemListElement\":[{\"@type\":\"ListItem\",\"position\":1,\"name\":\"Portada\",\"item\":\"https:\\\/\\\/tractaenergy.com\\\/\"},{\"@type\":\"ListItem\",\"position\":2,\"name\":\"Pol\u00edtica de privacidad\"}]},{\"@type\":\"WebSite\",\"@id\":\"https:\\\/\\\/tractaenergy.com\\\/#website\",\"url\":\"https:\\\/\\\/tractaenergy.com\\\/\",\"name\":\"Tracta Energy\",\"description\":\"Consultor\u00eda y servicios para los operadores de energ\u00edas renovables\",\"publisher\":{\"@id\":\"https:\\\/\\\/tractaenergy.com\\\/#organization\"},\"alternateName\":\"Tracta Energy\",\"potentialAction\":[{\"@type\":\"SearchAction\",\"target\":{\"@type\":\"EntryPoint\",\"urlTemplate\":\"https:\\\/\\\/tractaenergy.com\\\/?s={search_term_string}\"},\"query-input\":{\"@type\":\"PropertyValueSpecification\",\"valueRequired\":true,\"valueName\":\"search_term_string\"}}],\"inLanguage\":\"en-GB\"},{\"@type\":\"Organization\",\"@id\":\"https:\\\/\\\/tractaenergy.com\\\/#organization\",\"name\":\"Tracta Energy\",\"alternateName\":\"Tracta Energy\",\"url\":\"https:\\\/\\\/tractaenergy.com\\\/\",\"logo\":{\"@type\":\"ImageObject\",\"inLanguage\":\"en-GB\",\"@id\":\"https:\\\/\\\/tractaenergy.com\\\/#\\\/schema\\\/logo\\\/image\\\/\",\"url\":\"https:\\\/\\\/tractaenergy.com\\\/wp-content\\\/uploads\\\/2024\\\/12\\\/logo-tracta-1200px.png\",\"contentUrl\":\"https:\\\/\\\/tractaenergy.com\\\/wp-content\\\/uploads\\\/2024\\\/12\\\/logo-tracta-1200px.png\",\"width\":1200,\"height\":535,\"caption\":\"Tracta Energy\"},\"image\":{\"@id\":\"https:\\\/\\\/tractaenergy.com\\\/#\\\/schema\\\/logo\\\/image\\\/\"}}]}<\/script>\n<!-- \/ Yoast SEO plugin. -->","yoast_head_json":{"title":"Pol\u00edtica de privacidad - Tracta Energy","robots":{"index":"index","follow":"follow","max-snippet":"max-snippet:-1","max-image-preview":"max-image-preview:large","max-video-preview":"max-video-preview:-1"},"canonical":"https:\/\/tractaenergy.com\/en\/pivacy-policy\/","og_locale":"en_GB","og_type":"article","og_title":"Pol\u00edtica de privacidad - Tracta Energy","og_description":"Se le informa que los datos personales que nos facilite voluntariamente, a trav\u00e9s de los distintos formularios de la web, ser\u00e1n tratados por TRACTA ENERGY, S.L. con domicilio en&nbsp;c\/ Conde de Pe\u00f1alver n\u00ba 36, 1\u00ba &#8211; 28006 MADRID, que cumple con las medidas de seguridad exigidas en la legislaci\u00f3n vigente en materia de Protecci\u00f3n de [&hellip;]","og_url":"https:\/\/tractaenergy.com\/en\/pivacy-policy\/","og_site_name":"Tracta Energy","article_modified_time":"2024-12-19T10:30:26+00:00","og_image":[{"width":1600,"height":1067,"url":"https:\/\/tractaenergy.com\/wp-content\/uploads\/2024\/12\/tracta-energy.jpg","type":"image\/jpeg"}],"twitter_card":"summary_large_image","twitter_misc":{"Estimated reading time":"3 minutes"},"schema":{"@context":"https:\/\/schema.org","@graph":[{"@type":"WebPage","@id":"https:\/\/tractaenergy.com\/politica-de-privacidad\/","url":"https:\/\/tractaenergy.com\/politica-de-privacidad\/","name":"Pol\u00edtica de privacidad - Tracta Energy","isPartOf":{"@id":"https:\/\/tractaenergy.com\/#website"},"datePublished":"2024-11-14T14:23:05+00:00","dateModified":"2024-12-19T10:30:26+00:00","breadcrumb":{"@id":"https:\/\/tractaenergy.com\/politica-de-privacidad\/#breadcrumb"},"inLanguage":"en-GB","potentialAction":[{"@type":"ReadAction","target":["https:\/\/tractaenergy.com\/politica-de-privacidad\/"]}]},{"@type":"BreadcrumbList","@id":"https:\/\/tractaenergy.com\/politica-de-privacidad\/#breadcrumb","itemListElement":[{"@type":"ListItem","position":1,"name":"Portada","item":"https:\/\/tractaenergy.com\/"},{"@type":"ListItem","position":2,"name":"Pol\u00edtica de privacidad"}]},{"@type":"WebSite","@id":"https:\/\/tractaenergy.com\/#website","url":"https:\/\/tractaenergy.com\/","name":"Tracta Energy","description":"Consulting and services for the renewable energy companies","publisher":{"@id":"https:\/\/tractaenergy.com\/#organization"},"alternateName":"Tracta Energy","potentialAction":[{"@type":"SearchAction","target":{"@type":"EntryPoint","urlTemplate":"https:\/\/tractaenergy.com\/?s={search_term_string}"},"query-input":{"@type":"PropertyValueSpecification","valueRequired":true,"valueName":"search_term_string"}}],"inLanguage":"en-GB"},{"@type":"Organization","@id":"https:\/\/tractaenergy.com\/#organization","name":"Tracta Energy","alternateName":"Tracta Energy","url":"https:\/\/tractaenergy.com\/","logo":{"@type":"ImageObject","inLanguage":"en-GB","@id":"https:\/\/tractaenergy.com\/#\/schema\/logo\/image\/","url":"https:\/\/tractaenergy.com\/wp-content\/uploads\/2024\/12\/logo-tracta-1200px.png","contentUrl":"https:\/\/tractaenergy.com\/wp-content\/uploads\/2024\/12\/logo-tracta-1200px.png","width":1200,"height":535,"caption":"Tracta Energy"},"image":{"@id":"https:\/\/tractaenergy.com\/#\/schema\/logo\/image\/"}}]}},"_links":{"self":[{"href":"https:\/\/tractaenergy.com\/en\/wp-json\/wp\/v2\/pages\/3","targetHints":{"allow":["GET"]}}],"collection":[{"href":"https:\/\/tractaenergy.com\/en\/wp-json\/wp\/v2\/pages"}],"about":[{"href":"https:\/\/tractaenergy.com\/en\/wp-json\/wp\/v2\/types\/page"}],"author":[{"embeddable":true,"href":"https:\/\/tractaenergy.com\/en\/wp-json\/wp\/v2\/users\/4"}],"replies":[{"embeddable":true,"href":"https:\/\/tractaenergy.com\/en\/wp-json\/wp\/v2\/comments?post=3"}],"version-history":[{"count":2,"href":"https:\/\/tractaenergy.com\/en\/wp-json\/wp\/v2\/pages\/3\/revisions"}],"predecessor-version":[{"id":321,"href":"https:\/\/tractaenergy.com\/en\/wp-json\/wp\/v2\/pages\/3\/revisions\/321"}],"wp:attachment":[{"href":"https:\/\/tractaenergy.com\/en\/wp-json\/wp\/v2\/media?parent=3"}],"curies":[{"name":"wp","href":"https:\/\/api.w.org\/{rel}","templated":true}]}}